{"id":525,"date":"2018-10-31T02:25:57","date_gmt":"2018-10-31T02:25:57","guid":{"rendered":"https:\/\/wec-mexico.org\/?page_id=525"},"modified":"2022-07-19T17:03:40","modified_gmt":"2022-07-19T17:03:40","slug":"orientacion-al-candidato-co","status":"publish","type":"page","link":"https:\/\/wec-mexico.org\/index.php\/orientacion-al-candidato-co\/","title":{"rendered":"Orientaci\u00f3n al candidato CO"},"content":{"rendered":"\t\t<div data-elementor-type=\"wp-post\" data-elementor-id=\"525\" class=\"elementor elementor-525\">\n\t\t\t\t\t\t<section class=\"elementor-section elementor-top-section elementor-element elementor-element-c7250c2 elementor-section-boxed elementor-section-height-default elementor-section-height-default\" data-id=\"c7250c2\" data-element_type=\"section\" data-e-type=\"section\">\n\t\t\t\t\t\t<div class=\"elementor-container elementor-column-gap-default\">\n\t\t\t\t\t<div class=\"elementor-column elementor-col-100 elementor-top-column elementor-element elementor-element-c35b996\" data-id=\"c35b996\" data-element_type=\"column\" data-e-type=\"column\" data-settings=\"{&quot;background_background&quot;:&quot;classic&quot;}\">\n\t\t\t<div class=\"elementor-widget-wrap elementor-element-populated\">\n\t\t\t\t\t\t<div class=\"elementor-element elementor-element-58012b3 elementor-widget elementor-widget-heading\" data-id=\"58012b3\" data-element_type=\"widget\" data-e-type=\"widget\" data-widget_type=\"heading.default\">\n\t\t\t\t<div class=\"elementor-widget-container\">\n\t\t\t\t\t<h2 class=\"elementor-heading-title elementor-size-xxl\">Orientaci\u00f3n de Candidato CO<\/h2>\t\t\t\t<\/div>\n\t\t\t\t<\/div>\n\t\t\t\t\t<\/div>\n\t\t<\/div>\n\t\t\t\t\t<\/div>\n\t\t<\/section>\n\t\t\t\t<section class=\"elementor-section elementor-top-section elementor-element elementor-element-dce1651 elementor-section-boxed elementor-section-height-default elementor-section-height-default\" data-id=\"dce1651\" data-element_type=\"section\" data-e-type=\"section\">\n\t\t\t\t\t\t<div class=\"elementor-container elementor-column-gap-default\">\n\t\t\t\t\t<div class=\"elementor-column elementor-col-100 elementor-top-column elementor-element elementor-element-e3aebc8\" data-id=\"e3aebc8\" data-element_type=\"column\" data-e-type=\"column\">\n\t\t\t<div class=\"elementor-widget-wrap\">\n\t\t\t\t\t\t\t<\/div>\n\t\t<\/div>\n\t\t\t\t\t<\/div>\n\t\t<\/section>\n\t\t\t\t<section class=\"elementor-section elementor-top-section elementor-element elementor-element-b8bda67 elementor-section-boxed elementor-section-height-default elementor-section-height-default\" data-id=\"b8bda67\" data-element_type=\"section\" data-e-type=\"section\">\n\t\t\t\t\t\t<div class=\"elementor-container elementor-column-gap-default\">\n\t\t\t\t\t<div class=\"elementor-column elementor-col-100 elementor-top-column elementor-element elementor-element-e79925b\" data-id=\"e79925b\" data-element_type=\"column\" data-e-type=\"column\">\n\t\t\t<div class=\"elementor-widget-wrap\">\n\t\t\t\t\t\t\t<\/div>\n\t\t<\/div>\n\t\t\t\t\t<\/div>\n\t\t<\/section>\n\t\t\t\t<section class=\"elementor-section elementor-top-section elementor-element elementor-element-f000448 elementor-section-boxed elementor-section-height-default elementor-section-height-default\" data-id=\"f000448\" data-element_type=\"section\" data-e-type=\"section\" data-settings=\"{&quot;background_background&quot;:&quot;classic&quot;}\">\n\t\t\t\t\t\t\t<div class=\"elementor-background-overlay\"><\/div>\n\t\t\t\t\t\t\t<div class=\"elementor-container elementor-column-gap-default\">\n\t\t\t\t\t<div class=\"elementor-column elementor-col-100 elementor-top-column elementor-element elementor-element-d891470\" data-id=\"d891470\" data-element_type=\"column\" data-e-type=\"column\">\n\t\t\t<div class=\"elementor-widget-wrap elementor-element-populated\">\n\t\t\t\t\t\t<div class=\"elementor-element elementor-element-0e6eb45 elementor-widget elementor-widget-text-editor\" data-id=\"0e6eb45\" data-element_type=\"widget\" data-e-type=\"widget\" data-widget_type=\"text-editor.default\">\n\t\t\t\t<div class=\"elementor-widget-container\">\n\t\t\t\t\t\t\t\t\t<h2><strong>Para los que quieren ser miembros de WEC Internacional, la puerta de entrada es la Orientaci\u00f3n de Candidatos, un programa residencial de 13 semanas que se da en Cuernavaca, Morelos cada a\u00f1o.<\/strong><\/h2>\t\t\t\t\t\t\t\t<\/div>\n\t\t\t\t<\/div>\n\t\t\t\t<section class=\"elementor-section elementor-inner-section elementor-element elementor-element-163b586 elementor-section-boxed elementor-section-height-default elementor-section-height-default\" data-id=\"163b586\" data-element_type=\"section\" data-e-type=\"section\" data-settings=\"{&quot;background_background&quot;:&quot;video&quot;}\">\n\t\t\t\t\t\t<div class=\"elementor-container elementor-column-gap-default\">\n\t\t\t\t\t<div class=\"elementor-column elementor-col-50 elementor-inner-column elementor-element elementor-element-67c150c\" data-id=\"67c150c\" data-element_type=\"column\" data-e-type=\"column\">\n\t\t\t<div class=\"elementor-widget-wrap elementor-element-populated\">\n\t\t\t\t\t\t<div class=\"elementor-element elementor-element-efef75c elementor-widget elementor-widget-text-editor\" data-id=\"efef75c\" data-element_type=\"widget\" data-e-type=\"widget\" data-widget_type=\"text-editor.default\">\n\t\t\t\t<div class=\"elementor-widget-container\">\n\t\t\t\t\t\t\t\t\t<p><b>Requisitos para el candidato<\/b><\/p><p style=\"margin-bottom: 0cm;\"><span style=\"color: #222222;\"><span style=\"font-family: Tahoma, sans-serif;\"><span style=\"font-size: 11pt;\"><span style=\"background-image: initial; background-position: initial; background-size: initial; background-repeat: initial; background-attachment: initial; background-origin: initial; background-clip: initial;\">Cada candidato necesita llenar los siguientes requisitos antes de entrar en la Orientaci\u00f3n de Candidatos:<\/span><\/span><\/span><\/span><\/p><ul><li><span style=\"font-size: 1rem;\">haber le\u00eddo toda la Biblia<\/span><\/li><li><span style=\"font-size: 1rem;\">haber llevado a otros a los pies de Cristo y participado en el discipulado de nuevos creyentes<\/span><\/li><li><span style=\"font-size: 1rem;\">haber servido en su iglesia local por un m\u00ednimo de dos a\u00f1os, con el resultado que los l\u00edderes de la iglesia reconozcan y confirmen su llamado transcultural<\/span><\/li><li><span style=\"font-size: 1rem;\">haber cursado exitosamente un programa adecuado de estudios b\u00edblicos<\/span><\/li><li><span style=\"font-size: 1rem;\">haber cursado exitosamente un programa adecuado de estudios transculturales<\/span><\/li><li><span style=\"font-size: 1rem;\">estar libre de deudas econ\u00f3micas.<br \/><\/span><\/li><\/ul>\t\t\t\t\t\t\t\t<\/div>\n\t\t\t\t<\/div>\n\t\t\t\t\t<\/div>\n\t\t<\/div>\n\t\t\t\t<div class=\"elementor-column elementor-col-50 elementor-inner-column elementor-element elementor-element-64bfab3\" data-id=\"64bfab3\" data-element_type=\"column\" data-e-type=\"column\">\n\t\t\t<div class=\"elementor-widget-wrap elementor-element-populated\">\n\t\t\t\t\t\t<div class=\"elementor-element elementor-element-a5ab2f6 elementor-widget elementor-widget-image\" data-id=\"a5ab2f6\" data-element_type=\"widget\" data-e-type=\"widget\" data-widget_type=\"image.default\">\n\t\t\t\t<div class=\"elementor-widget-container\">\n\t\t\t\t\t\t\t\t\t\t\t\t\t\t\t<img fetchpriority=\"high\" decoding=\"async\" width=\"500\" height=\"333\" src=\"https:\/\/wec-mexico.org\/wp-content\/uploads\/2018\/10\/tumblr_inline_p2d6fuWn701spcvep_500.jpg\" class=\"attachment-large size-large wp-image-551\" alt=\"\" srcset=\"https:\/\/wec-mexico.org\/wp-content\/uploads\/2018\/10\/tumblr_inline_p2d6fuWn701spcvep_500.jpg 500w, https:\/\/wec-mexico.org\/wp-content\/uploads\/2018\/10\/tumblr_inline_p2d6fuWn701spcvep_500-300x200.jpg 300w\" sizes=\"(max-width: 500px) 100vw, 500px\" \/>\t\t\t\t\t\t\t\t\t\t\t\t\t\t\t<\/div>\n\t\t\t\t<\/div>\n\t\t\t\t\t<\/div>\n\t\t<\/div>\n\t\t\t\t\t<\/div>\n\t\t<\/section>\n\t\t\t\t<section class=\"elementor-section elementor-inner-section elementor-element elementor-element-711cd91 elementor-section-boxed elementor-section-height-default elementor-section-height-default\" data-id=\"711cd91\" data-element_type=\"section\" data-e-type=\"section\">\n\t\t\t\t\t\t<div class=\"elementor-container elementor-column-gap-default\">\n\t\t\t\t\t<div class=\"elementor-column elementor-col-50 elementor-inner-column elementor-element elementor-element-b328647\" data-id=\"b328647\" data-element_type=\"column\" data-e-type=\"column\">\n\t\t\t<div class=\"elementor-widget-wrap elementor-element-populated\">\n\t\t\t\t\t\t<div class=\"elementor-element elementor-element-6bb5c01 elementor-widget-divider--view-line elementor-widget elementor-widget-divider\" data-id=\"6bb5c01\" data-element_type=\"widget\" data-e-type=\"widget\" data-widget_type=\"divider.default\">\n\t\t\t\t<div class=\"elementor-widget-container\">\n\t\t\t\t\t\t\t<div class=\"elementor-divider\">\n\t\t\t<span class=\"elementor-divider-separator\">\n\t\t\t\t\t\t<\/span>\n\t\t<\/div>\n\t\t\t\t\t\t<\/div>\n\t\t\t\t<\/div>\n\t\t\t\t\t<\/div>\n\t\t<\/div>\n\t\t\t\t<div class=\"elementor-column elementor-col-50 elementor-inner-column elementor-element elementor-element-2e01461\" data-id=\"2e01461\" data-element_type=\"column\" data-e-type=\"column\">\n\t\t\t<div class=\"elementor-widget-wrap elementor-element-populated\">\n\t\t\t\t\t\t<div class=\"elementor-element elementor-element-2716660 elementor-widget-divider--view-line elementor-widget elementor-widget-divider\" data-id=\"2716660\" data-element_type=\"widget\" data-e-type=\"widget\" data-widget_type=\"divider.default\">\n\t\t\t\t<div class=\"elementor-widget-container\">\n\t\t\t\t\t\t\t<div class=\"elementor-divider\">\n\t\t\t<span class=\"elementor-divider-separator\">\n\t\t\t\t\t\t<\/span>\n\t\t<\/div>\n\t\t\t\t\t\t<\/div>\n\t\t\t\t<\/div>\n\t\t\t\t\t<\/div>\n\t\t<\/div>\n\t\t\t\t\t<\/div>\n\t\t<\/section>\n\t\t\t\t<section class=\"elementor-section elementor-inner-section elementor-element elementor-element-87c7927 elementor-section-boxed elementor-section-height-default elementor-section-height-default\" data-id=\"87c7927\" data-element_type=\"section\" data-e-type=\"section\">\n\t\t\t\t\t\t<div class=\"elementor-container elementor-column-gap-wider\">\n\t\t\t\t\t<div class=\"elementor-column elementor-col-50 elementor-inner-column elementor-element elementor-element-6a35eeb\" data-id=\"6a35eeb\" data-element_type=\"column\" data-e-type=\"column\" data-settings=\"{&quot;background_background&quot;:&quot;classic&quot;}\">\n\t\t\t<div class=\"elementor-widget-wrap elementor-element-populated\">\n\t\t\t\t\t\t\t<\/div>\n\t\t<\/div>\n\t\t\t\t<div class=\"elementor-column elementor-col-50 elementor-inner-column elementor-element elementor-element-a4e6410\" data-id=\"a4e6410\" data-element_type=\"column\" data-e-type=\"column\">\n\t\t\t<div class=\"elementor-widget-wrap elementor-element-populated\">\n\t\t\t\t\t\t<div class=\"elementor-element elementor-element-a2b90a6 elementor-widget elementor-widget-text-editor\" data-id=\"a2b90a6\" data-element_type=\"widget\" data-e-type=\"widget\" data-widget_type=\"text-editor.default\">\n\t\t\t\t<div class=\"elementor-widget-container\">\n\t\t\t\t\t\t\t\t\t<p>\u00a0<\/p><p style=\"margin-bottom: 0cm;\"><span style=\"color: #222222;\"><span style=\"font-family: Tahoma, sans-serif;\"><span style=\"font-size: 11pt;\"><span style=\"font-weight: bold;\"><span style=\"background-image: initial; background-position: initial; background-size: initial; background-repeat: initial; background-attachment: initial; background-origin: initial; background-clip: initial;\">Contenido del programa<\/span><\/span><\/span><\/span><\/span><\/p><p style=\"margin-bottom: 0cm;\"><span style=\"color: #222222;\"><span style=\"font-family: Tahoma, sans-serif;\"><span style=\"font-size: 11pt;\"><span style=\"background-image: initial; background-position: initial; background-size: initial; background-repeat: initial; background-attachment: initial; background-origin: initial; background-clip: initial;\">El programa de Orientaci\u00f3n de Candidatos incluye los siguientes elementos, entre otros:<\/span><\/span><\/span><\/span><\/p><ul><li><p style=\"margin-bottom: 0cm;\"><span style=\"color: #222222;\"><span style=\"font-family: Tahoma, sans-serif;\"><span style=\"font-size: 11pt;\"><span style=\"background-image: initial; background-position: initial; background-size: initial; background-repeat: initial; background-attachment: initial; background-origin: initial; background-clip: initial;\">vivir y trabajar juntos<\/span><\/span><\/span><\/span><\/p><\/li><li><p style=\"margin-bottom: 0cm;\"><span style=\"color: #222222;\"><span style=\"font-family: Tahoma, sans-serif;\"><span style=\"font-size: 11pt;\"><span style=\"background-image: initial; background-position: initial; background-size: initial; background-repeat: initial; background-attachment: initial; background-origin: initial; background-clip: initial;\">orar por el mundo y el avance del reino de Dios<\/span><\/span><\/span><\/span><\/p><\/li><li><p style=\"margin-bottom: 0cm;\"><span style=\"color: #222222;\"><span style=\"font-family: Tahoma, sans-serif;\"><span style=\"font-size: 11pt;\"><span style=\"background-image: initial; background-position: initial; background-size: initial; background-repeat: initial; background-attachment: initial; background-origin: initial; background-clip: initial;\">ministrar juntos cada semana en un vecindario no alcanzado<\/span><\/span><\/span><\/span><\/p><\/li><li><p style=\"margin-bottom: 0cm;\"><span style=\"color: #222222;\"><span style=\"font-family: Tahoma, sans-serif;\"><span style=\"font-size: 11pt;\"><span style=\"background-image: initial; background-position: initial; background-size: initial; background-repeat: initial; background-attachment: initial; background-origin: initial; background-clip: initial;\">participar en varios temas de vital importancia para el ministerio transcultural<\/span><\/span><\/span><\/span><\/p><\/li><li><p style=\"margin-bottom: 0cm;\"><span style=\"color: #222222;\"><span style=\"font-family: Tahoma, sans-serif;\"><span style=\"font-size: 11pt;\"><span style=\"background-image: initial; background-position: initial; background-size: initial; background-repeat: initial; background-attachment: initial; background-origin: initial; background-clip: initial;\">aprender de otros en una relaci\u00f3n de mentoreo<\/span><\/span><\/span><\/span><\/p><\/li><li><p style=\"margin-bottom: 0cm;\"><span style=\"color: #222222;\"><span style=\"font-family: Tahoma, sans-serif;\"><span style=\"font-size: 11pt;\"><span style=\"background-image: initial; background-position: initial; background-size: initial; background-repeat: initial; background-attachment: initial; background-origin: initial; background-clip: initial;\">recibir retroalimentaci\u00f3n sobre el car\u00e1cter y los patrones de vida<\/span><\/span><\/span><\/span><\/p><\/li><li><p style=\"margin-bottom: 0cm;\"><span style=\"color: #222222;\"><span style=\"font-family: Tahoma, sans-serif;\"><span style=\"font-size: 11pt;\"><span style=\"background-image: initial; background-position: initial; background-size: initial; background-repeat: initial; background-attachment: initial; background-origin: initial; background-clip: initial;\">leer libros asignados y completar proyectos de investigaci\u00f3n<\/span><\/span><\/span><\/span><\/p><\/li><\/ul><p style=\"margin-bottom: 0cm;\"><span style=\"color: #222222;\"><span style=\"font-family: Tahoma, sans-serif;\"><span style=\"font-size: 11pt;\"><span style=\"background-image: initial; background-position: initial; background-size: initial; background-repeat: initial; background-attachment: initial; background-origin: initial; background-clip: initial;\">Los temas que se imparten cubren las siguientes \u00e1reas:<\/span><\/span><\/span><\/span><\/p><ul><li><p style=\"margin-bottom: 0cm;\"><span style=\"color: #222222;\"><span style=\"font-family: Tahoma, sans-serif;\"><span style=\"font-size: 11pt;\"><span style=\"background-image: initial; background-position: initial; background-size: initial; background-repeat: initial; background-attachment: initial; background-origin: initial; background-clip: initial;\">WEC: su historia, visi\u00f3n, valores y pr\u00e1cticas<\/span><\/span><\/span><\/span><\/p><\/li><li><p style=\"margin-bottom: 0cm;\"><span style=\"color: #222222;\"><span style=\"font-family: Tahoma, sans-serif;\"><span style=\"font-size: 11pt;\"><span style=\"background-image: initial; background-position: initial; background-size: initial; background-repeat: initial; background-attachment: initial; background-origin: initial; background-clip: initial;\">Formaci\u00f3n y crecimiento espiritual<\/span><\/span><\/span><\/span><\/p><\/li><li><p style=\"margin-bottom: 0cm;\"><span style=\"color: #222222;\"><span style=\"font-family: Tahoma, sans-serif;\"><span style=\"font-size: 11pt;\"><span style=\"background-image: initial; background-position: initial; background-size: initial; background-repeat: initial; background-attachment: initial; background-origin: initial; background-clip: initial;\">Salud f\u00edsica y emocional<\/span><\/span><\/span><\/span><\/p><\/li><li><p style=\"margin-bottom: 0cm;\"><span style=\"color: #222222;\"><span style=\"font-family: Tahoma, sans-serif;\"><span style=\"font-size: 11pt;\"><span style=\"background-image: initial; background-position: initial; background-size: initial; background-repeat: initial; background-attachment: initial; background-origin: initial; background-clip: initial;\">Relaciones sanas<\/span><\/span><\/span><\/span><\/p><\/li><li><p style=\"margin-bottom: 0cm;\"><span style=\"color: #222222;\"><span style=\"font-family: Tahoma, sans-serif;\"><span style=\"font-size: 11pt;\"><span style=\"background-image: initial; background-position: initial; background-size: initial; background-repeat: initial; background-attachment: initial; background-origin: initial; background-clip: initial;\">Vivir y trabajar en equipos<\/span><\/span><\/span><\/span><\/p><\/li><li><p style=\"margin-bottom: 0cm;\"><span style=\"color: #222222;\"><span style=\"font-family: Tahoma, sans-serif;\"><span style=\"font-size: 11pt;\"><span style=\"background-image: initial; background-position: initial; background-size: initial; background-repeat: initial; background-attachment: initial; background-origin: initial; background-clip: initial;\">Plantaci\u00f3n de iglesias<\/span><\/span><\/span><\/span><\/p><\/li><li><p style=\"margin-bottom: 0cm;\"><span style=\"color: #222222;\"><span style=\"font-family: Tahoma, sans-serif;\"><span style=\"font-size: 11pt;\"><span style=\"background-image: initial; background-position: initial; background-size: initial; background-repeat: initial; background-attachment: initial; background-origin: initial; background-clip: initial;\">Adquisici\u00f3n de idiomas<\/span><\/span><\/span><\/span><\/p><\/li><li><p style=\"margin-bottom: 0cm;\"><span style=\"color: #222222;\"><span style=\"font-family: Tahoma, sans-serif;\"><span style=\"font-size: 11pt;\"><span style=\"background-image: initial; background-position: initial; background-size: initial; background-repeat: initial; background-attachment: initial; background-origin: initial; background-clip: initial;\">Asuntos pr\u00e1cticos de la vida transcultural<\/span><\/span><\/span><\/span><\/p><\/li><\/ul>\t\t\t\t\t\t\t\t<\/div>\n\t\t\t\t<\/div>\n\t\t\t\t\t<\/div>\n\t\t<\/div>\n\t\t\t\t\t<\/div>\n\t\t<\/section>\n\t\t\t\t<section class=\"elementor-section elementor-inner-section elementor-element elementor-element-947664b elementor-section-boxed elementor-section-height-default elementor-section-height-default\" data-id=\"947664b\" data-element_type=\"section\" data-e-type=\"section\">\n\t\t\t\t\t\t<div class=\"elementor-container elementor-column-gap-default\">\n\t\t\t\t\t<div class=\"elementor-column elementor-col-100 elementor-inner-column elementor-element elementor-element-ae3589f\" data-id=\"ae3589f\" data-element_type=\"column\" data-e-type=\"column\">\n\t\t\t<div class=\"elementor-widget-wrap elementor-element-populated\">\n\t\t\t\t\t\t<div class=\"elementor-element elementor-element-a087ed9 elementor-widget-divider--view-line elementor-widget elementor-widget-divider\" data-id=\"a087ed9\" data-element_type=\"widget\" data-e-type=\"widget\" data-widget_type=\"divider.default\">\n\t\t\t\t<div class=\"elementor-widget-container\">\n\t\t\t\t\t\t\t<div class=\"elementor-divider\">\n\t\t\t<span class=\"elementor-divider-separator\">\n\t\t\t\t\t\t<\/span>\n\t\t<\/div>\n\t\t\t\t\t\t<\/div>\n\t\t\t\t<\/div>\n\t\t\t\t\t<\/div>\n\t\t<\/div>\n\t\t\t\t\t<\/div>\n\t\t<\/section>\n\t\t\t\t<section class=\"elementor-section elementor-inner-section elementor-element elementor-element-f9e9447 elementor-section-boxed elementor-section-height-default elementor-section-height-default\" data-id=\"f9e9447\" data-element_type=\"section\" data-e-type=\"section\">\n\t\t\t\t\t\t<div class=\"elementor-container elementor-column-gap-default\">\n\t\t\t\t\t<div class=\"elementor-column elementor-col-50 elementor-inner-column elementor-element elementor-element-02f63a4\" data-id=\"02f63a4\" data-element_type=\"column\" data-e-type=\"column\">\n\t\t\t<div class=\"elementor-widget-wrap elementor-element-populated\">\n\t\t\t\t\t\t<div class=\"elementor-element elementor-element-d6164b4 elementor-widget elementor-widget-text-editor\" data-id=\"d6164b4\" data-element_type=\"widget\" data-e-type=\"widget\" data-widget_type=\"text-editor.default\">\n\t\t\t\t<div class=\"elementor-widget-container\">\n\t\t\t\t\t\t\t\t\t<p>\u00a0<\/p><p style=\"margin-bottom: 0cm;\"><span style=\"color: #222222;\"><span style=\"font-family: Tahoma, sans-serif;\"><span style=\"font-size: 11pt;\"><span style=\"font-weight: bold;\"><span style=\"background-image: initial; background-position: initial; background-size: initial; background-repeat: initial; background-attachment: initial; background-origin: initial; background-clip: initial;\">\u00a0<\/span><\/span><\/span><\/span><\/span><\/p><p style=\"margin-bottom: 0cm;\"><span style=\"color: #222222;\"><span style=\"font-family: Tahoma, sans-serif;\"><span style=\"font-size: 11pt;\"><span style=\"font-weight: bold;\"><span style=\"background-image: initial; background-position: initial; background-size: initial; background-repeat: initial; background-attachment: initial; background-origin: initial; background-clip: initial;\">\u00bfPor qu\u00e9 13 semanas?<\/span><\/span><\/span><\/span><\/span><\/p><p style=\"margin-bottom: 0cm;\"><span style=\"font-family: Tahoma, sans-serif;\"><span style=\"font-size: 11pt;\">Valoramos las relaciones interpersonales. Somos una familia. Queremos conocer bien a los personas que mandamos a otras partes del mundo, y queremos que tambi\u00e9n nos conozcan bien a nosotros.<\/span><\/span><\/p><p style=\"margin-bottom: 0cm;\"><span style=\"font-family: Tahoma, sans-serif;\"><span style=\"font-size: 11pt;\">Valoramos tambi\u00e9n el proceso de buscar juntos la voluntad de Dios. El periodo de Orientaci\u00f3n es un proceso de discernimiento mutuo, donde la agencia y el candidato afirman y confirman que pertenecen juntos.<\/span><\/span><\/p><p style=\"margin-bottom: 0cm;\"><span style=\"font-family: Tahoma, sans-serif;\"><span style=\"font-size: 11pt;\">Queremos preparar al candidato a funcionar bien en la organizaci\u00f3n. Podr\u00edamos ense\u00f1ar la historia de WEC , explicar el sistema de gobierno y las pol\u00edticas de la agencia en un par de semanas, pero los valores se imparten de manera diferente, compartiendo la vida. Por eso es que insistimos en un periodo m\u00e1s largo de orientaci\u00f3n.<\/span><\/span><\/p><p style=\"margin-bottom: 0cm;\"><span style=\"font-family: Tahoma, sans-serif;\"><span style=\"font-size: 11pt;\">Es nuestro deseo que, al convivir con varios miembros de WEC durante la orientaci\u00f3n, al escuchar los testimonios y al orar por lo que est\u00e1 sucediendo alrededor del mundo, los candidatos lleguen a captar y apreciar los valores fundamentales de WEC: la fe, la santidad, el sacrificio, y el compa\u00f1erismo.<\/span><\/span><\/p>\t\t\t\t\t\t\t\t<\/div>\n\t\t\t\t<\/div>\n\t\t\t\t\t<\/div>\n\t\t<\/div>\n\t\t\t\t<div class=\"elementor-column elementor-col-50 elementor-inner-column elementor-element elementor-element-770843a\" data-id=\"770843a\" data-element_type=\"column\" data-e-type=\"column\">\n\t\t\t<div class=\"elementor-widget-wrap elementor-element-populated\">\n\t\t\t\t\t\t<div class=\"elementor-element elementor-element-965274d elementor-widget elementor-widget-image\" data-id=\"965274d\" data-element_type=\"widget\" data-e-type=\"widget\" data-widget_type=\"image.default\">\n\t\t\t\t<div class=\"elementor-widget-container\">\n\t\t\t\t\t\t\t\t\t\t\t\t\t\t\t<img decoding=\"async\" width=\"1600\" height=\"1200\" src=\"https:\/\/wec-mexico.org\/wp-content\/uploads\/2018\/10\/IMG_5186.jpg\" class=\"attachment-full size-full wp-image-557\" alt=\"\" srcset=\"https:\/\/wec-mexico.org\/wp-content\/uploads\/2018\/10\/IMG_5186.jpg 1600w, https:\/\/wec-mexico.org\/wp-content\/uploads\/2018\/10\/IMG_5186-300x225.jpg 300w, https:\/\/wec-mexico.org\/wp-content\/uploads\/2018\/10\/IMG_5186-768x576.jpg 768w, https:\/\/wec-mexico.org\/wp-content\/uploads\/2018\/10\/IMG_5186-1024x768.jpg 1024w\" sizes=\"(max-width: 1600px) 100vw, 1600px\" \/>\t\t\t\t\t\t\t\t\t\t\t\t\t\t\t<\/div>\n\t\t\t\t<\/div>\n\t\t\t\t\t<\/div>\n\t\t<\/div>\n\t\t\t\t\t<\/div>\n\t\t<\/section>\n\t\t\t\t\t<\/div>\n\t\t<\/div>\n\t\t\t\t\t<\/div>\n\t\t<\/section>\n\t\t\t\t<\/div>\n\t\t","protected":false},"excerpt":{"rendered":"<p>Orientaci\u00f3n de Candidato CO Para los que quieren ser miembros de WEC Internacional, la puerta de entrada es la Orientaci\u00f3n de Candidatos, un programa residencial de 13 semanas que se da en Cuernavaca, Morelos cada a\u00f1o. Requisitos para el candidato Cada candidato necesita llenar los siguientes requisitos antes de entrar en la Orientaci\u00f3n de Candidatos: [&hellip;]<\/p>\n","protected":false},"author":2,"featured_media":0,"parent":0,"menu_order":0,"comment_status":"closed","ping_status":"closed","template":"elementor_header_footer","meta":{"footnotes":""},"class_list":["post-525","page","type-page","status-publish","hentry"],"_links":{"self":[{"href":"https:\/\/wec-mexico.org\/index.php\/wp-json\/wp\/v2\/pages\/525","targetHints":{"allow":["GET"]}}],"collection":[{"href":"https:\/\/wec-mexico.org\/index.php\/wp-json\/wp\/v2\/pages"}],"about":[{"href":"https:\/\/wec-mexico.org\/index.php\/wp-json\/wp\/v2\/types\/page"}],"author":[{"embeddable":true,"href":"https:\/\/wec-mexico.org\/index.php\/wp-json\/wp\/v2\/users\/2"}],"replies":[{"embeddable":true,"href":"https:\/\/wec-mexico.org\/index.php\/wp-json\/wp\/v2\/comments?post=525"}],"version-history":[{"count":21,"href":"https:\/\/wec-mexico.org\/index.php\/wp-json\/wp\/v2\/pages\/525\/revisions"}],"predecessor-version":[{"id":976,"href":"https:\/\/wec-mexico.org\/index.php\/wp-json\/wp\/v2\/pages\/525\/revisions\/976"}],"wp:attachment":[{"href":"https:\/\/wec-mexico.org\/index.php\/wp-json\/wp\/v2\/media?parent=525"}],"curies":[{"name":"wp","href":"https:\/\/api.w.org\/{rel}","templated":true}]}}