{"id":687,"date":"2019-09-06T16:58:42","date_gmt":"2019-09-06T16:58:42","guid":{"rendered":"https:\/\/wec-mexico.org\/?page_id=687"},"modified":"2025-07-22T23:41:18","modified_gmt":"2025-07-22T23:41:18","slug":"capacitando-entrenando-a-la-iglesia-local","status":"publish","type":"page","link":"https:\/\/wec-mexico.org\/index.php\/capacitando-entrenando-a-la-iglesia-local\/","title":{"rendered":"Capacitando, entrenando a la Iglesia Local"},"content":{"rendered":"<h2 style=\"text-align: center;\">Capacitando, entrenando a la Iglesia Local<\/h2>\n<h2 style=\"text-align: center;\">Movilizaci\u00f3n<\/h2>\n<h2 style=\"text-align: center;\">Concientizaci\u00f3n<\/h2>\n<h2 style=\"text-align: center;\">Reclutamiento<\/h2>\n<p><iframe title=\"WECMexico2018Promo\" src=\"https:\/\/player.vimeo.com\/video\/279559533?dnt=1&amp;app_id=122963\" width=\"960\" height=\"540\" frameborder=\"0\" allow=\"autoplay; fullscreen; picture-in-picture; clipboard-write; encrypted-media; web-share\" referrerpolicy=\"strict-origin-when-cross-origin\"><\/iframe><\/p>\n<h3 style=\"text-align: center;\"><b>M<\/b>ovilizaci\u00f3n, concientizaci\u00f3n y reclutamiento, es uno de los muchos ministerios que WEC est\u00e1 realizando en M\u00e9xico y en otros pa\u00edses del mundo, aqu\u00ed en M\u00e9xico es uno de sus m\u00e1s fuertes y principales enfoques, entendiendo el tiempo de Dios y el tiempo que vive la Iglesia Mexicana.<\/h3>\n<h3><\/h3>\n<p><img fetchpriority=\"high\" decoding=\"async\" class=\"aligncenter\" src=\"https:\/\/wec-mexico.org\/wp-content\/uploads\/2019\/09\/ense\u00f1ando.jpg\" sizes=\"100vw\" srcset=\"https:\/\/wec-mexico.org\/wp-content\/uploads\/2019\/09\/ense\u00f1ando.jpg 708w, https:\/\/wec-mexico.org\/wp-content\/uploads\/2019\/09\/ense\u00f1ando-300x112.jpg 300w\" alt=\"\" width=\"525\" height=\"196\" \/><br \/>\n<img decoding=\"async\" class=\"aligncenter\" src=\"https:\/\/wec-mexico.org\/wp-content\/uploads\/2019\/09\/equipo-1024x768.jpg\" sizes=\"100vw\" srcset=\"https:\/\/wec-mexico.org\/wp-content\/uploads\/2019\/09\/equipo-1024x768.jpg 1024w, https:\/\/wec-mexico.org\/wp-content\/uploads\/2019\/09\/equipo-300x225.jpg 300w, https:\/\/wec-mexico.org\/wp-content\/uploads\/2019\/09\/equipo-768x576.jpg 768w, https:\/\/wec-mexico.org\/wp-content\/uploads\/2019\/09\/equipo.jpg 1280w\" alt=\"\" width=\"525\" height=\"394\" \/><\/p>\n<h3 style=\"text-align: left;\"><\/h3>\n<h3 style=\"text-align: center;\">Para WEC, el apoyar a la iglesia\u00a0 mexicana <i>en su caminar hacia las misiones<\/i>, es muy importante, WEC tiene un<b> equipo especializado<\/b> en <i><u>promover, motivar, movilizar y reclutar<\/u><\/i> obreros con el llamado a las misiones, tanto en Jerusal\u00e9n, Judea, Samaria, pero con un enfoque especial\u00a0 &#8220;<i>hasta lo \u00faltimo de la tierra&#8221;<\/i>, y lo hace de diferentes maneras.<\/h3>\n<h3 style=\"text-align: center;\">En WEC buscamos pastores e iglesias, que deseen conocer e involucrarse m\u00e1s de <i>Misiones Transculturales<\/i>, o que caminen en el mismo sentir, queriendo que toda la iglesia o denominaci\u00f3n, conozca el coraz\u00f3n de Dios, esto es, que todo el mundo reciba las buenas nuevas de Salvaci\u00f3n.<\/h3>\n<h3 style=\"text-align: center;\">Por lo que WEC, desea ser una herramienta eficaz para la iglesia y sus miembros, gui\u00e1ndolos hacia el pa\u00eds o lugar, que el Se\u00f1or les ha mostrado.<\/h3>\n<p><img decoding=\"async\" class=\"aligncenter\" src=\"https:\/\/wec-mexico.org\/wp-content\/uploads\/2019\/09\/LarryIMG_7559-2-768x608.jpeg\" sizes=\"100vw\" srcset=\"https:\/\/wec-mexico.org\/wp-content\/uploads\/2019\/09\/LarryIMG_7559-2-768x608.jpeg 768w, https:\/\/wec-mexico.org\/wp-content\/uploads\/2019\/09\/LarryIMG_7559-2-300x237.jpeg 300w, https:\/\/wec-mexico.org\/wp-content\/uploads\/2019\/09\/LarryIMG_7559-2-1024x810.jpeg 1024w, https:\/\/wec-mexico.org\/wp-content\/uploads\/2019\/09\/LarryIMG_7559-2.jpeg 1213w\" alt=\"\" width=\"525\" height=\"416\" \/><\/p>\n<h3><\/h3>\n<h3 style=\"text-align: center;\">WEC organiza eventos misioneros durante los fines de semana de viernes a s\u00e1bado con predicaci\u00f3n los domingos, en iglesias de diferentes regiones de M\u00e9xico.<\/h3>\n<h2 style=\"text-align: center;\">Todo material, programas y recursos que WEC<br \/>\nofrece, para movilizar a la iglesia est\u00e1n basados y sustentados con<br \/>\nla Palabra de Dios.<\/h2>\n<h3 style=\"text-align: center;\">WEC dentro de su labor de movilizaci\u00f3n, ayuda a los candidatos e iglesias en la gu\u00eda y preparaci\u00f3n, tanto B\u00edblica, mision\u00f3logia e ingl\u00e9s, WEC cuenta con un Centro de Capacitaci\u00f3n Transcultural (CCT), y estamos abiertos a que asistan a otros institutos que les proporcionen dicha capacitaci\u00f3n.<\/h3>\n<p><iframe title=\"Etapas Proceso Misionero\" src=\"https:\/\/player.vimeo.com\/video\/346285261?dnt=1&amp;app_id=122963\" width=\"640\" height=\"360\" frameborder=\"0\" allow=\"autoplay; fullscreen; picture-in-picture; clipboard-write; encrypted-media; web-share\" referrerpolicy=\"strict-origin-when-cross-origin\"><\/iframe><\/p>\n<figure><img loading=\"lazy\" decoding=\"async\" class=\"aligncenter\" src=\"https:\/\/wec-mexico.org\/wp-content\/uploads\/2018\/11\/Mujeres-pur\u00e9pecha-vestidas-1024x684.jpg\" sizes=\"100vw\" srcset=\"https:\/\/wec-mexico.org\/wp-content\/uploads\/2018\/11\/Mujeres-pur\u00e9pecha-vestidas-1024x684.jpg 1024w, https:\/\/wec-mexico.org\/wp-content\/uploads\/2018\/11\/Mujeres-pur\u00e9pecha-vestidas-300x200.jpg 300w, https:\/\/wec-mexico.org\/wp-content\/uploads\/2018\/11\/Mujeres-pur\u00e9pecha-vestidas-768x513.jpg 768w, https:\/\/wec-mexico.org\/wp-content\/uploads\/2018\/11\/Mujeres-pur\u00e9pecha-vestidas.jpg 1600w\" alt=\"\" width=\"525\" height=\"351\" \/><figcaption><strong>\u00a0 \u00a0 \u00a0 \u00a0 \u00a0 \u00a0 \u00a0 \u00a0 \u00a0 \u00a0 \u00a0 \u00a0 \u00a0 \u00a0 \u00a0 \u00a0 \u00a0Mujeres Pur\u00e9pechas<\/strong><\/figcaption><\/figure>\n<h3 style=\"text-align: center;\"><strong>WEC cree firmemente que, M\u00e9xico se convertir\u00e1 en una fuerza misionera, en WEC estamos seguros de que la iglesia mexicana est\u00e1 lo suficientemente madura, como para comenzar su labor de misi\u00f3n en el extranjero, (hasta lo \u00faltimo de la tierra) y tambi\u00e9n continuar su labor en M\u00e9xico, con las etnias no alcanzadas del pa\u00eds. WEC provee 80 campos y 166 etnias menos alcanzadas en el mundo.<\/strong><\/h3>\n<figure><img loading=\"lazy\" decoding=\"async\" class=\"aligncenter\" src=\"https:\/\/wec-mexico.org\/wp-content\/uploads\/2019\/09\/IMG_5207-1024x768.jpg\" sizes=\"100vw\" srcset=\"https:\/\/wec-mexico.org\/wp-content\/uploads\/2019\/09\/IMG_5207-1024x768.jpg 1024w, https:\/\/wec-mexico.org\/wp-content\/uploads\/2019\/09\/IMG_5207-300x225.jpg 300w, https:\/\/wec-mexico.org\/wp-content\/uploads\/2019\/09\/IMG_5207-768x576.jpg 768w\" alt=\"\" width=\"525\" height=\"394\" \/><figcaption><strong>\u00a0 \u00a0 \u00a0 \u00a0 \u00a0 \u00a0 \u00a0 \u00a0 \u00a0 \u00a0 \u00a0 \u00a0 \u00a0 \u00a0 \u00a0 \u00a0 \u00a0Orando por m\u00e1s obreros mexicanos al campo<\/strong><\/figcaption><\/figure>\n<p><img loading=\"lazy\" decoding=\"async\" class=\"aligncenter\" src=\"https:\/\/wec-mexico.org\/wp-content\/uploads\/2018\/07\/WEC-banner-2013-CAMINO-463x1024.jpg\" sizes=\"100vw\" srcset=\"https:\/\/wec-mexico.org\/wp-content\/uploads\/2018\/07\/WEC-banner-2013-CAMINO-463x1024.jpg 463w, https:\/\/wec-mexico.org\/wp-content\/uploads\/2018\/07\/WEC-banner-2013-CAMINO-136x300.jpg 136w, https:\/\/wec-mexico.org\/wp-content\/uploads\/2018\/07\/WEC-banner-2013-CAMINO-e1537383591454.jpg 543w\" alt=\"\" width=\"463\" height=\"1024\" \/><\/p>\n<h3 style=\"text-align: center;\">Todo el equipo de movilizaci\u00f3n de WEC est\u00e1 formado por misioneros experimentados con varios a\u00f1os en diferentes pa\u00edses del mundo y en M\u00e9xico,\u00a0 con el deseo de compartir sus experiencias y conocimiento as\u00ed como ense\u00f1ar a los candidatos, hacia los campos en los que est\u00e1n siendo llamados.<\/h3>\n<h3 style=\"text-align: center;\">Los Congresos, Seminarios o Talleres que WEC ofrece son de forma progresiva, mostrando la visi\u00f3n misionera de Dios, desde G\u00e9nesis hasta Apocalipsis, y tambi\u00e9n dando principios B\u00edblicos de misiones, hasta ayudar a formar el comit\u00e9 de misiones en la iglesia, y guiar a su misionero, para su env\u00edo a otra naci\u00f3n, y llevar las buenas nuevas, de manera efectiva y segura.<\/h3>\n<h3 style=\"text-align: center;\">WEC M\u00e9xico ofrece la estructura necesaria para enviar a los candidatos de M\u00e9xico al pa\u00eds del llamado, dentro de campos y equipos, capacitados y preparados para recibirles, de manera que ellos tengan la plataforma necesaria para alcanzar a uno de los 166 grupos \u00e9tnicos donde WEC Internacional trabaja.<\/h3>\n<h3 style=\"text-align: center;\">Tambi\u00e9n como parte de la movilizaci\u00f3n, WEC M\u00e9xico ofrece viajes de corto plazo, a diversos campos, donde trabaja WEC, en \u00e1reas generales o de especialidades como la de la medicina, inform\u00e1tica, ingenier\u00eda, etc. Ya que WEC tiene ministerios, en una variedad de pa\u00edses, de \u00e9sta manera el candidato puede tener la confirmaci\u00f3n de su llamado.<\/h3>\n","protected":false},"excerpt":{"rendered":"<p>Capacitando, entrenando a la Iglesia Local Movilizaci\u00f3n Concientizaci\u00f3n Reclutamiento Movilizaci\u00f3n, concientizaci\u00f3n y reclutamiento, es uno de los muchos ministerios que WEC est\u00e1 realizando en M\u00e9xico y en otros pa\u00edses del mundo, aqu\u00ed en M\u00e9xico es uno de sus m\u00e1s fuertes y principales enfoques, entendiendo el tiempo de Dios y el tiempo que vive la Iglesia [&hellip;]<\/p>\n","protected":false},"author":2,"featured_media":0,"parent":0,"menu_order":0,"comment_status":"closed","ping_status":"closed","template":"elementor_header_footer","meta":{"footnotes":""},"class_list":["post-687","page","type-page","status-publish","hentry"],"_links":{"self":[{"href":"https:\/\/wec-mexico.org\/index.php\/wp-json\/wp\/v2\/pages\/687","targetHints":{"allow":["GET"]}}],"collection":[{"href":"https:\/\/wec-mexico.org\/index.php\/wp-json\/wp\/v2\/pages"}],"about":[{"href":"https:\/\/wec-mexico.org\/index.php\/wp-json\/wp\/v2\/types\/page"}],"author":[{"embeddable":true,"href":"https:\/\/wec-mexico.org\/index.php\/wp-json\/wp\/v2\/users\/2"}],"replies":[{"embeddable":true,"href":"https:\/\/wec-mexico.org\/index.php\/wp-json\/wp\/v2\/comments?post=687"}],"version-history":[{"count":43,"href":"https:\/\/wec-mexico.org\/index.php\/wp-json\/wp\/v2\/pages\/687\/revisions"}],"predecessor-version":[{"id":1238,"href":"https:\/\/wec-mexico.org\/index.php\/wp-json\/wp\/v2\/pages\/687\/revisions\/1238"}],"wp:attachment":[{"href":"https:\/\/wec-mexico.org\/index.php\/wp-json\/wp\/v2\/media?parent=687"}],"curies":[{"name":"wp","href":"https:\/\/api.w.org\/{rel}","templated":true}]}}