{"id":817,"date":"2020-09-04T22:08:34","date_gmt":"2020-09-04T22:08:34","guid":{"rendered":"https:\/\/wec-mexico.org\/?page_id=817"},"modified":"2020-09-04T23:23:11","modified_gmt":"2020-09-04T23:23:11","slug":"que-creemos-2","status":"publish","type":"page","link":"https:\/\/wec-mexico.org\/index.php\/que-creemos-2\/","title":{"rendered":"Qu\u00e9 creemos"},"content":{"rendered":"\t\t<div data-elementor-type=\"wp-page\" data-elementor-id=\"817\" class=\"elementor elementor-817\">\n\t\t\t\t\t\t<section class=\"elementor-section elementor-top-section elementor-element elementor-element-6069737 elementor-section-boxed elementor-section-height-default elementor-section-height-default\" data-id=\"6069737\" data-element_type=\"section\" data-e-type=\"section\">\n\t\t\t\t\t\t<div class=\"elementor-container elementor-column-gap-default\">\n\t\t\t\t\t<div class=\"elementor-column elementor-col-100 elementor-top-column elementor-element elementor-element-b050b8c\" data-id=\"b050b8c\" data-element_type=\"column\" data-e-type=\"column\">\n\t\t\t<div class=\"elementor-widget-wrap elementor-element-populated\">\n\t\t\t\t\t\t<div class=\"elementor-element elementor-element-930fd62 elementor-widget elementor-widget-heading\" data-id=\"930fd62\" data-element_type=\"widget\" data-e-type=\"widget\" data-widget_type=\"heading.default\">\n\t\t\t\t<div class=\"elementor-widget-container\">\n\t\t\t\t\t<h2 class=\"elementor-heading-title elementor-size-default\">\u00bfQu\u00e9 creemos?<\/h2>\t\t\t\t<\/div>\n\t\t\t\t<\/div>\n\t\t\t\t\t<\/div>\n\t\t<\/div>\n\t\t\t\t\t<\/div>\n\t\t<\/section>\n\t\t\t\t<section class=\"elementor-section elementor-top-section elementor-element elementor-element-41b8a18 elementor-section-boxed elementor-section-height-default elementor-section-height-default\" data-id=\"41b8a18\" data-element_type=\"section\" data-e-type=\"section\">\n\t\t\t\t\t\t<div class=\"elementor-container elementor-column-gap-default\">\n\t\t\t\t\t<div class=\"elementor-column elementor-col-33 elementor-top-column elementor-element elementor-element-9e54e44\" data-id=\"9e54e44\" data-element_type=\"column\" data-e-type=\"column\" data-settings=\"{&quot;background_background&quot;:&quot;classic&quot;}\">\n\t\t\t<div class=\"elementor-widget-wrap\">\n\t\t\t\t\t\t\t<\/div>\n\t\t<\/div>\n\t\t\t\t<div class=\"elementor-column elementor-col-33 elementor-top-column elementor-element elementor-element-59e9a15\" data-id=\"59e9a15\" data-element_type=\"column\" data-e-type=\"column\">\n\t\t\t<div class=\"elementor-widget-wrap elementor-element-populated\">\n\t\t\t\t\t\t<div class=\"elementor-element elementor-element-10590b7 elementor-widget elementor-widget-text-editor\" data-id=\"10590b7\" data-element_type=\"widget\" data-e-type=\"widget\" data-widget_type=\"text-editor.default\">\n\t\t\t\t<div class=\"elementor-widget-container\">\n\t\t\t\t\t\t\t\t\t<p style=\"margin-bottom: 0cm;\">\u00a0\u00a0 Creemos en un Dios, creador y sustentador de todas las cosas, existiendo eternamente en tres personas: Padre, Hijo y Esp\u00edritu Santo.<\/p><p style=\"margin-bottom: 0cm;\">\u00a0\u00a0 La deidad y humanidad de nuestro Se\u00f1or Jesucristo, su nacimiento virginal y vida sin pecado, sus milagros, su muerte sustitutoria en la cruz por nosotros, su resurrecci\u00f3n corporal, su ascensi\u00f3n a la diestra del Padre, su funci\u00f3n como mediador y su regreso en poder y gloria.<\/p><p style=\"margin-bottom: 0cm;\">\u00a0\u00a0 El ministerio del Esp\u00edritu Santo para transformar vidas y empoderar para la vida y el servicio.<\/p><p style=\"margin-bottom: 0cm;\">\u00a0\u00a0 Las Sagradas Escrituras, ambas las del antiguo y nuevo Testamento como originalmente dadas por Dios, divinamente inspiradas, infalibles, totalmente confiables y la autoridad definitiva en<br \/>materias de fe y conducta.<\/p><p style=\"margin-bottom: 0cm;\">\u00a0\u00a0 La pecaminosidad y culpabilidad de toda la humanidad desde la ca\u00edda, por lo que todas las personas est\u00e1n bajo el juicio de Dios.<\/p><p style=\"margin-bottom: 0cm;\">\u00a0\u00a0 Redenci\u00f3n a trav\u00e9s de la sangre del Se\u00f1or Jesucristo y la regeneraci\u00f3n por el Esp\u00edritu Santo como esencial para la salvaci\u00f3n.<\/p><p style=\"margin-bottom: 0cm;\">\u00a0\u00a0 La justificaci\u00f3n de los pecadores solamente por la gracia de Dios por medio de Cristo.<br \/>\u00a0\u00a0 Resurrecci\u00f3n de los muertos: aquellos muertos en Cristo resucitados a vida para siempre con Dios y aquellos resucitados fuera de Cristo al juicio final.<\/p><p style=\"margin-bottom: 0cm;\">\u00a0\u00a0 La unidad en Cristo de todos los creyentes de quien se conforma la iglesia, su cuerpo, la cual es su testigo en todo el mundo.<\/p>\t\t\t\t\t\t\t\t<\/div>\n\t\t\t\t<\/div>\n\t\t\t\t\t<\/div>\n\t\t<\/div>\n\t\t\t\t<div class=\"elementor-column elementor-col-33 elementor-top-column elementor-element elementor-element-7723af7\" data-id=\"7723af7\" data-element_type=\"column\" data-e-type=\"column\" data-settings=\"{&quot;background_background&quot;:&quot;gradient&quot;}\">\n\t\t\t<div class=\"elementor-widget-wrap elementor-element-populated\">\n\t\t\t\t\t\t<div class=\"elementor-element elementor-element-9cab228 elementor-widget elementor-widget-spacer\" data-id=\"9cab228\" data-element_type=\"widget\" data-e-type=\"widget\" data-widget_type=\"spacer.default\">\n\t\t\t\t<div class=\"elementor-widget-container\">\n\t\t\t\t\t\t\t<div class=\"elementor-spacer\">\n\t\t\t<div class=\"elementor-spacer-inner\"><\/div>\n\t\t<\/div>\n\t\t\t\t\t\t<\/div>\n\t\t\t\t<\/div>\n\t\t\t\t<div class=\"elementor-element elementor-element-706650d elementor-widget elementor-widget-image\" data-id=\"706650d\" data-element_type=\"widget\" data-e-type=\"widget\" data-widget_type=\"image.default\">\n\t\t\t\t<div class=\"elementor-widget-container\">\n\t\t\t\t\t\t\t\t\t\t\t\t\t\t\t<img fetchpriority=\"high\" decoding=\"async\" width=\"1024\" height=\"678\" src=\"https:\/\/wec-mexico.org\/wp-content\/uploads\/2020\/09\/Biblia-1024x678.jpg\" class=\"attachment-large size-large wp-image-834\" alt=\"\" srcset=\"https:\/\/wec-mexico.org\/wp-content\/uploads\/2020\/09\/Biblia-1024x678.jpg 1024w, https:\/\/wec-mexico.org\/wp-content\/uploads\/2020\/09\/Biblia-300x199.jpg 300w, https:\/\/wec-mexico.org\/wp-content\/uploads\/2020\/09\/Biblia-768x508.jpg 768w, https:\/\/wec-mexico.org\/wp-content\/uploads\/2020\/09\/Biblia-1536x1017.jpg 1536w, https:\/\/wec-mexico.org\/wp-content\/uploads\/2020\/09\/Biblia.jpg 1920w\" sizes=\"(max-width: 1024px) 100vw, 1024px\" \/>\t\t\t\t\t\t\t\t\t\t\t\t\t\t\t<\/div>\n\t\t\t\t<\/div>\n\t\t\t\t\t<\/div>\n\t\t<\/div>\n\t\t\t\t\t<\/div>\n\t\t<\/section>\n\t\t\t\t<section class=\"elementor-section elementor-top-section elementor-element elementor-element-3a56e9c elementor-section-boxed elementor-section-height-default elementor-section-height-default\" data-id=\"3a56e9c\" data-element_type=\"section\" data-e-type=\"section\">\n\t\t\t\t\t\t<div class=\"elementor-container elementor-column-gap-default\">\n\t\t\t\t\t<div class=\"elementor-column elementor-col-100 elementor-top-column elementor-element elementor-element-fd2a723\" data-id=\"fd2a723\" data-element_type=\"column\" data-e-type=\"column\">\n\t\t\t<div class=\"elementor-widget-wrap\">\n\t\t\t\t\t\t\t<\/div>\n\t\t<\/div>\n\t\t\t\t\t<\/div>\n\t\t<\/section>\n\t\t\t\t<\/div>\n\t\t","protected":false},"excerpt":{"rendered":"<p>\u00bfQu\u00e9 creemos? \u00a0\u00a0 Creemos en un Dios, creador y sustentador de todas las cosas, existiendo eternamente en tres personas: Padre, Hijo y Esp\u00edritu Santo. \u00a0\u00a0 La deidad y humanidad de nuestro Se\u00f1or Jesucristo, su nacimiento virginal y vida sin pecado, sus milagros, su muerte sustitutoria en la cruz por nosotros, su resurrecci\u00f3n corporal, su ascensi\u00f3n [&hellip;]<\/p>\n","protected":false},"author":2,"featured_media":0,"parent":0,"menu_order":0,"comment_status":"closed","ping_status":"closed","template":"elementor_header_footer","meta":{"footnotes":""},"class_list":["post-817","page","type-page","status-publish","hentry"],"_links":{"self":[{"href":"https:\/\/wec-mexico.org\/index.php\/wp-json\/wp\/v2\/pages\/817","targetHints":{"allow":["GET"]}}],"collection":[{"href":"https:\/\/wec-mexico.org\/index.php\/wp-json\/wp\/v2\/pages"}],"about":[{"href":"https:\/\/wec-mexico.org\/index.php\/wp-json\/wp\/v2\/types\/page"}],"author":[{"embeddable":true,"href":"https:\/\/wec-mexico.org\/index.php\/wp-json\/wp\/v2\/users\/2"}],"replies":[{"embeddable":true,"href":"https:\/\/wec-mexico.org\/index.php\/wp-json\/wp\/v2\/comments?post=817"}],"version-history":[{"count":16,"href":"https:\/\/wec-mexico.org\/index.php\/wp-json\/wp\/v2\/pages\/817\/revisions"}],"predecessor-version":[{"id":846,"href":"https:\/\/wec-mexico.org\/index.php\/wp-json\/wp\/v2\/pages\/817\/revisions\/846"}],"wp:attachment":[{"href":"https:\/\/wec-mexico.org\/index.php\/wp-json\/wp\/v2\/media?parent=817"}],"curies":[{"name":"wp","href":"https:\/\/api.w.org\/{rel}","templated":true}]}}